{"id":168,"date":"2018-01-18T20:17:57","date_gmt":"2018-01-18T20:17:57","guid":{"rendered":"http:\/\/melaniemisamer.de\/?page_id=168"},"modified":"2025-07-04T14:55:36","modified_gmt":"2025-07-04T14:55:36","slug":"forschungsschwerpunkte","status":"publish","type":"page","link":"https:\/\/melaniemisamer.de\/?page_id=168","title":{"rendered":"Forschung &#038; Kooperationen"},"content":{"rendered":"<h5 style=\"text-align: left;\"><span style=\"font-family: georgia, palatino, serif; color: #000000; font-size: 12pt;\"><strong>Forschungsschwerpunkte<\/strong><\/span><\/h5>\r\n<ul style=\"text-align: left;\">\r\n<li>\r\n<h5><span style=\"font-family: georgia, palatino, serif; font-size: 12pt;\"><a href=\"https:\/\/www.socialnet.de\/materialien\/29731.php\"><span style=\"color: #000000;\"><strong>Machtsensibilit\u00e4t<\/strong><\/span><\/a><\/span><\/h5>\r\n<\/li>\r\n<li>\r\n<h5><span style=\"font-family: georgia, palatino, serif; font-size: 12pt;\"><strong><span style=\"color: #000000;\">Multidisziplin\u00e4res dimensionales Machtkonzept<\/span><\/strong><\/span><\/h5>\r\n<\/li>\r\n<li>\r\n<h5><span style=\"font-family: georgia, palatino, serif; color: #000000; font-size: 12pt;\"><strong><a style=\"color: #000000;\" href=\"https:\/\/www.socialnet.de\/materialien\/29731.php\">Machtanwendung<\/a> <\/strong>und <strong>(ethische) Prinzipien<\/strong><\/span><\/h5>\r\n<\/li>\r\n<li>\r\n<h5><span style=\"font-family: georgia, palatino, serif; font-size: 12pt;\"><span style=\"color: #000000;\"><strong>Gesundheit<\/strong> und<\/span> <span style=\"color: #000000;\"><strong>Macht<\/strong><\/span><\/span><\/h5>\r\n<\/li>\r\n<li>\r\n<h5><span style=\"color: #000000; font-family: georgia, palatino, serif; font-size: 12pt;\"><strong>Gerechtigkeit und Vertrauen<\/strong><\/span><\/h5>\r\n<\/li>\r\n<\/ul>\r\n<h2 style=\"text-align: left;\"><span style=\"font-family: georgia, palatino, serif;\"><span style=\"color: #000000;\"><strong><span style=\"font-size: 12pt;\">Kooperationen<\/span><\/strong><\/span><span style=\"color: #000000;\"><!--more--><\/span><\/span><\/h2>\r\n<ul style=\"text-align: left;\">\r\n<li>\r\n<h5 id=\"parent-fieldname-title\" class=\"documentFirstHeading\"><span style=\"font-size: 12pt; font-family: georgia, palatino, serif; color: #000000;\"><strong>Prof. i. R. Dr. phil. Wolfgang Scholl<\/strong>, Professor im Ruhestand\u00a0<span class=\"organization-name\"><span class=\"discreet\">f\u00fcr Organisations- und Sozialpsychologie an der Humboldt-Universit\u00e4t zu Berlin<\/span><\/span><\/span><\/h5>\r\n<\/li>\r\n<li>\r\n<h5 id=\"parent-fieldname-title\" class=\"documentFirstHeading\"><span style=\"font-size: 12pt;\"><span style=\"color: #000000; font-family: georgia, palatino, serif;\"><strong>PD Dr. Michael Belz<\/strong>, Psychologe der Klinik f\u00fcr Psychiatrie und Psychotherapie an der Universit\u00e4tsmedizin G\u00f6ttingen <\/span><\/span><\/h5>\r\n<\/li>\r\n<li>\r\n<h5 class=\"documentFirstHeading\"><span style=\"color: #000000; font-family: georgia, palatino, serif;\"><span style=\"font-size: 12pt;\"><strong>Prof. Dr. Oliver Kestel, <\/strong><\/span><a style=\"color: #000000;\" href=\"https:\/\/www.hawk.de\/de\/hochschule\/organisation-und-personen\/personenverzeichnis\/oliver-kestel\"><span style=\"font-size: 12pt;\">Professor an der Hochschule f\u00fcr angewandte Wissenschaft und Kunst Hildesheim\/Holzminden\/G\u00f6ttingen, Fakult\u00e4t Soziale Arbeit und Gesundheit, Schwerpunkte in Lehre und Forschung: Einf\u00fchrung in das Recht; Sozialrecht, insbesondere das Recht der Rehabilitation und Teilhabe behinderter Menschen und der sozialen Teilhabe und pflegerische Unterst\u00fctzung \u00e4lterer Menschen; Rechtskreis\u00fcbergreifende Planungs- und Steuerungsinstrumente<\/span><\/a> <\/span><\/h5>\r\n<div>\u00a0<\/div>\r\n<\/li>\r\n<\/ul>\r\n<p style=\"text-align: left;\"><span style=\"font-family: georgia, palatino, serif;\"><\/span><\/p>\r\n<p style=\"text-align: left;\">\u00a0<\/p>\r\n","protected":false},"excerpt":{"rendered":"<p>Forschungsschwerpunkte Machtsensibilit\u00e4t Multidisziplin\u00e4res dimensionales Machtkonzept Machtanwendung und (ethische) Prinzipien Gesundheit und Macht Gerechtigkeit und Vertrauen Kooperationen<\/p>\n","protected":false},"author":1,"featured_media":0,"parent":0,"menu_order":0,"comment_status":"closed","ping_status":"closed","template":"","meta":{"footnotes":""},"class_list":["post-168","page","type-page","status-publish","hentry"],"yoast_head":"<!-- This site is optimized with the Yoast SEO plugin v27.4 - https:\/\/yoast.com\/product\/yoast-seo-wordpress\/ -->\n<title>Forschung &amp; Kooperationen - Prof. Dr. Melanie Misamer<\/title>\n<meta name=\"description\" content=\"Prof. Dr. Melanie Misamer, Sozialwissenschaftlerin, Machtforschung und -theoriebildung, Machtsensibilit\u00e4t, Vortr\u00e4ge und Workshops\" \/>\n<meta name=\"robots\" content=\"index, follow, max-snippet:-1, max-image-preview:large, max-video-preview:-1\" \/>\n<link rel=\"canonical\" href=\"https:\/\/melaniemisamer.de\/?page_id=168\" \/>\n<meta property=\"og:locale\" content=\"de_DE\" \/>\n<meta property=\"og:type\" content=\"article\" \/>\n<meta property=\"og:title\" content=\"Forschung &amp; Kooperationen - Prof. Dr. Melanie Misamer\" \/>\n<meta property=\"og:description\" content=\"Prof. Dr. Melanie Misamer, Sozialwissenschaftlerin, Machtforschung und -theoriebildung, Machtsensibilit\u00e4t, Vortr\u00e4ge und Workshops\" \/>\n<meta property=\"og:url\" content=\"https:\/\/melaniemisamer.de\/?page_id=168\" \/>\n<meta property=\"og:site_name\" content=\"Prof. Dr. Melanie Misamer\" \/>\n<meta property=\"article:modified_time\" content=\"2025-07-04T14:55:36+00:00\" \/>\n<meta name=\"twitter:card\" content=\"summary_large_image\" \/>\n<meta name=\"twitter:label1\" content=\"Gesch\u00e4tzte Lesezeit\" \/>\n\t<meta name=\"twitter:data1\" content=\"1\u00a0Minute\" \/>\n<script type=\"application\/ld+json\" class=\"yoast-schema-graph\">{\"@context\":\"https:\\\/\\\/schema.org\",\"@graph\":[{\"@type\":\"WebPage\",\"@id\":\"https:\\\/\\\/melaniemisamer.de\\\/?page_id=168\",\"url\":\"https:\\\/\\\/melaniemisamer.de\\\/?page_id=168\",\"name\":\"Forschung & Kooperationen - Prof. Dr. Melanie Misamer\",\"isPartOf\":{\"@id\":\"https:\\\/\\\/melaniemisamer.de\\\/#website\"},\"datePublished\":\"2018-01-18T20:17:57+00:00\",\"dateModified\":\"2025-07-04T14:55:36+00:00\",\"description\":\"Prof. Dr. Melanie Misamer, Sozialwissenschaftlerin, Machtforschung und -theoriebildung, Machtsensibilit\u00e4t, Vortr\u00e4ge und Workshops\",\"breadcrumb\":{\"@id\":\"https:\\\/\\\/melaniemisamer.de\\\/?page_id=168#breadcrumb\"},\"inLanguage\":\"de\",\"potentialAction\":[{\"@type\":\"ReadAction\",\"target\":[\"https:\\\/\\\/melaniemisamer.de\\\/?page_id=168\"]}]},{\"@type\":\"BreadcrumbList\",\"@id\":\"https:\\\/\\\/melaniemisamer.de\\\/?page_id=168#breadcrumb\",\"itemListElement\":[{\"@type\":\"ListItem\",\"position\":1,\"name\":\"Startseite\",\"item\":\"https:\\\/\\\/melaniemisamer.de\\\/\"},{\"@type\":\"ListItem\",\"position\":2,\"name\":\"Forschung &#038; Kooperationen\"}]},{\"@type\":\"WebSite\",\"@id\":\"https:\\\/\\\/melaniemisamer.de\\\/#website\",\"url\":\"https:\\\/\\\/melaniemisamer.de\\\/\",\"name\":\"Prof. Dr. Melanie Misamer\",\"description\":\"Machtsensibilit\u00e4t - Forschung, Lehre &amp; Vortr\u00e4ge\",\"potentialAction\":[{\"@type\":\"SearchAction\",\"target\":{\"@type\":\"EntryPoint\",\"urlTemplate\":\"https:\\\/\\\/melaniemisamer.de\\\/?s={search_term_string}\"},\"query-input\":{\"@type\":\"PropertyValueSpecification\",\"valueRequired\":true,\"valueName\":\"search_term_string\"}}],\"inLanguage\":\"de\"}]}<\/script>\n<!-- \/ Yoast SEO plugin. -->","yoast_head_json":{"title":"Forschung & Kooperationen - Prof. Dr. Melanie Misamer","description":"Prof. Dr. Melanie Misamer, Sozialwissenschaftlerin, Machtforschung und -theoriebildung, Machtsensibilit\u00e4t, Vortr\u00e4ge und Workshops","robots":{"index":"index","follow":"follow","max-snippet":"max-snippet:-1","max-image-preview":"max-image-preview:large","max-video-preview":"max-video-preview:-1"},"canonical":"https:\/\/melaniemisamer.de\/?page_id=168","og_locale":"de_DE","og_type":"article","og_title":"Forschung & Kooperationen - Prof. Dr. Melanie Misamer","og_description":"Prof. Dr. Melanie Misamer, Sozialwissenschaftlerin, Machtforschung und -theoriebildung, Machtsensibilit\u00e4t, Vortr\u00e4ge und Workshops","og_url":"https:\/\/melaniemisamer.de\/?page_id=168","og_site_name":"Prof. Dr. Melanie Misamer","article_modified_time":"2025-07-04T14:55:36+00:00","twitter_card":"summary_large_image","twitter_misc":{"Gesch\u00e4tzte Lesezeit":"1\u00a0Minute"},"schema":{"@context":"https:\/\/schema.org","@graph":[{"@type":"WebPage","@id":"https:\/\/melaniemisamer.de\/?page_id=168","url":"https:\/\/melaniemisamer.de\/?page_id=168","name":"Forschung & Kooperationen - Prof. Dr. Melanie Misamer","isPartOf":{"@id":"https:\/\/melaniemisamer.de\/#website"},"datePublished":"2018-01-18T20:17:57+00:00","dateModified":"2025-07-04T14:55:36+00:00","description":"Prof. Dr. Melanie Misamer, Sozialwissenschaftlerin, Machtforschung und -theoriebildung, Machtsensibilit\u00e4t, Vortr\u00e4ge und Workshops","breadcrumb":{"@id":"https:\/\/melaniemisamer.de\/?page_id=168#breadcrumb"},"inLanguage":"de","potentialAction":[{"@type":"ReadAction","target":["https:\/\/melaniemisamer.de\/?page_id=168"]}]},{"@type":"BreadcrumbList","@id":"https:\/\/melaniemisamer.de\/?page_id=168#breadcrumb","itemListElement":[{"@type":"ListItem","position":1,"name":"Startseite","item":"https:\/\/melaniemisamer.de\/"},{"@type":"ListItem","position":2,"name":"Forschung &#038; Kooperationen"}]},{"@type":"WebSite","@id":"https:\/\/melaniemisamer.de\/#website","url":"https:\/\/melaniemisamer.de\/","name":"Prof. Dr. Melanie Misamer","description":"Machtsensibilit\u00e4t - Forschung, Lehre &amp; Vortr\u00e4ge","potentialAction":[{"@type":"SearchAction","target":{"@type":"EntryPoint","urlTemplate":"https:\/\/melaniemisamer.de\/?s={search_term_string}"},"query-input":{"@type":"PropertyValueSpecification","valueRequired":true,"valueName":"search_term_string"}}],"inLanguage":"de"}]}},"_links":{"self":[{"href":"https:\/\/melaniemisamer.de\/index.php?rest_route=\/wp\/v2\/pages\/168","targetHints":{"allow":["GET"]}}],"collection":[{"href":"https:\/\/melaniemisamer.de\/index.php?rest_route=\/wp\/v2\/pages"}],"about":[{"href":"https:\/\/melaniemisamer.de\/index.php?rest_route=\/wp\/v2\/types\/page"}],"author":[{"embeddable":true,"href":"https:\/\/melaniemisamer.de\/index.php?rest_route=\/wp\/v2\/users\/1"}],"replies":[{"embeddable":true,"href":"https:\/\/melaniemisamer.de\/index.php?rest_route=%2Fwp%2Fv2%2Fcomments&post=168"}],"version-history":[{"count":92,"href":"https:\/\/melaniemisamer.de\/index.php?rest_route=\/wp\/v2\/pages\/168\/revisions"}],"predecessor-version":[{"id":1610,"href":"https:\/\/melaniemisamer.de\/index.php?rest_route=\/wp\/v2\/pages\/168\/revisions\/1610"}],"wp:attachment":[{"href":"https:\/\/melaniemisamer.de\/index.php?rest_route=%2Fwp%2Fv2%2Fmedia&parent=168"}],"curies":[{"name":"wp","href":"https:\/\/api.w.org\/{rel}","templated":true}]}}