{"id":1377,"date":"2023-12-28T06:30:33","date_gmt":"2023-12-28T06:30:33","guid":{"rendered":"https:\/\/melaniemisamer.de\/?page_id=1377"},"modified":"2025-09-10T17:13:23","modified_gmt":"2025-09-10T17:13:23","slug":"machtsensibilitaet-2","status":"publish","type":"page","link":"https:\/\/melaniemisamer.de\/","title":{"rendered":"Machtsensibilit\u00e4t"},"content":{"rendered":"<blockquote>\r\n<h5><span style=\"font-family: georgia, palatino, serif; color: #000000; font-size: 12pt;\"><strong><!--StartFragment --><\/strong><\/span><\/h5>\r\n<h5 style=\"text-align: left;\">\u00a0<\/h5>\r\n<h5 style=\"text-align: left;\"><img loading=\"lazy\" decoding=\"async\" class=\"alignleft size-thumbnail wp-image-1534\" src=\"http:\/\/melaniemisamer.de\/wp-content\/uploads\/2024\/02\/Melanie-misamer.1024x1024-150x150.jpg\" alt=\"\" width=\"150\" height=\"150\" srcset=\"https:\/\/melaniemisamer.de\/wp-content\/uploads\/2024\/02\/Melanie-misamer.1024x1024-150x150.jpg 150w, https:\/\/melaniemisamer.de\/wp-content\/uploads\/2024\/02\/Melanie-misamer.1024x1024-300x300.jpg 300w, https:\/\/melaniemisamer.de\/wp-content\/uploads\/2024\/02\/Melanie-misamer.1024x1024-768x768.jpg 768w, https:\/\/melaniemisamer.de\/wp-content\/uploads\/2024\/02\/Melanie-misamer.1024x1024-270x270.jpg 270w, https:\/\/melaniemisamer.de\/wp-content\/uploads\/2024\/02\/Melanie-misamer.1024x1024.jpg 1024w\" sizes=\"auto, (max-width: 150px) 100vw, 150px\" \/><\/h5>\r\n<h5 style=\"text-align: left;\"><span style=\"font-family: georgia, palatino, serif; color: #000000; font-size: 12pt;\"><strong><!--EndFragment -->&#8222;<em>Besonders wichtig ist mir die Vermittlung einer Machtsensibilit\u00e4t bei Personen, die sich sp\u00e4ter in Machtpositionen gegen\u00fcber anderen befinden.<\/em>&#8222;<\/strong> (Misamer,\u00a0 2021,<span style=\"color: #808080;\"> <a style=\"color: #808080;\" href=\"https:\/\/www.uni-vechta.de\/alumni\/alumni-portraits\/melanie-misamer\">Alumni Portraits, Universit\u00e4t Vechta<\/a><\/span>)<\/span><\/h5>\r\n<\/blockquote>\r\n<h5 style=\"text-align: left;\"><span style=\"font-family: georgia, palatino, serif; color: #000000; font-size: 12pt;\">Macht findet sich in jeglichen sozialen Beziehungen, in Arbeits-, Freundes- oder Familienbeziehungen ist sie stets auf irgendeine Weise Thema. Insbesondere dort, wo Menschen Verantwortung f\u00fcr andere tragen, wird der sensible Umgang mit der eigenen Macht relevant. Denn zu wissen, welche Wirkung die eigenen Handlungsweisen haben, entscheidet unter anderem dar\u00fcber, &#8230;<br \/><\/span><\/h5>\r\n<ul style=\"text-align: left;\">\r\n<li>\r\n<h5><span style=\"font-family: georgia, palatino, serif; color: #000000; font-size: 12pt;\">ob eine Intervention zum gew\u00fcnschten Ergebnis f\u00fchrt.<\/span><\/h5>\r\n<\/li>\r\n<li>\r\n<h5><span style=\"font-family: georgia, palatino, serif; color: #000000; font-size: 12pt;\">ob eine Intervention professionell (z.B. im Sinne der berufsethischen Prinzipien) gestaltet ist oder nicht.<\/span><\/h5>\r\n<\/li>\r\n<li>\r\n<h5><span style=\"font-family: georgia, palatino, serif; color: #000000; font-size: 12pt;\">ob man aktiv als positives Vorbild fungieren kann und damit sowohl direkte Wirkung (\u00fcber Interventionen) als auch indirekte Wirkung (\u00fcber das Modelllernen) erzielt.<\/span><\/h5>\r\n<\/li>\r\n<\/ul>\r\n<h5 style=\"text-align: left;\"><span style=\"font-family: georgia, palatino, serif; font-size: 12pt;\"><strong><span style=\"color: #000000;\"><span style=\"text-decoration: underline;\">Was ist jetzt Machtsensibilit\u00e4t genau<\/span>?<\/span><\/strong><\/span><\/h5>\r\n<blockquote>\r\n<h5 style=\"text-align: left;\"><span style=\"font-family: georgia, palatino, serif; color: #000000; font-size: 12pt;\"><strong>&#8222;<em>Machtsensibilit\u00e4t ist ein Handlungskonzept f\u00fcr p\u00e4dagogische bzw. sozialarbeiterische Interaktionen, das in asymmetrischen Situationen den schw\u00e4cheren Part absichert und st\u00e4rkt<\/em>&#8222;<\/strong> <br \/><\/span><\/h5>\r\n<\/blockquote>\r\n<h5 style=\"text-align: left;\"><span style=\"font-family: georgia, palatino, serif; font-size: 12pt;\"><!-- \/wp:post-content -->\r\n\r\n<!-- wp:image {\"id\":1385,\"width\":\"600px\",\"aspectRatio\":\"4\/3\",\"scale\":\"cover\",\"sizeSlug\":\"full\",\"linkDestination\":\"none\"} --><\/span><\/h5>\r\n<h5 class=\"wp-block-image size-full is-resized\" style=\"text-align: left;\"><span style=\"font-family: georgia, palatino, serif; font-size: 12pt;\"><img loading=\"lazy\" decoding=\"async\" class=\"alignnone wp-image-1385\" style=\"aspect-ratio: 4 \/ 3; object-fit: cover; width: 403px;\" src=\"http:\/\/melaniemisamer.de\/wp-content\/uploads\/2023\/12\/image.jpeg\" alt=\"\" width=\"800\" height=\"302\" \/><\/span><\/h5>\r\n<h5 style=\"text-align: left;\"><span style=\"font-family: georgia, palatino, serif; font-size: 12pt;\"><!-- \/wp:image -->\r\n\r\n<!-- wp:paragraph --><\/span><\/h5>\r\n<h5 style=\"text-align: left;\"><span style=\"font-family: georgia, palatino, serif; color: #000000; font-size: 12pt;\"><strong><span style=\"text-decoration: underline;\">Mehr zum Thema<\/span><\/strong> (frei zug\u00e4nglich bei socialnet)<\/span><\/h5>\r\n<ul style=\"text-align: left;\">\r\n<li>\r\n<h5><span style=\"font-size: 12pt; font-family: georgia, palatino, serif; color: #808080;\"><a style=\"color: #808080;\" href=\"https:\/\/www.socialnet.de\/lexikon\/Machtsensibilitaet\" target=\"_blank\" rel=\"noreferrer noopener\">Lexikonbeitrag<\/a><\/span><\/h5>\r\n<\/li>\r\n<li>\r\n<h5><span style=\"font-size: 12pt; font-family: georgia, palatino, serif; color: #808080;\"><a style=\"color: #808080;\" href=\"https:\/\/www.socialnet.de\/materialien\/29731.php\" target=\"_blank\" rel=\"noreferrer noopener\">Materialienbeitrag<\/a><\/span><\/h5>\r\n<\/li>\r\n<li>\r\n<h5><span style=\"font-size: 12pt; font-family: georgia, palatino, serif;\"><a href=\"https:\/\/www.socialnet.de\/materialien\/29969.php?key=MzAwMzRiYj\"><span style=\"color: #000080;\"><span style=\"color: #999999;\"><span style=\"color: #808080;\">Multidisziplin\u00e4res dimensionales Machtkonzept, Basis f\u00fcr das Handlungskonzept Machtsensibilit\u00e4t<\/span><\/span><\/span><\/a><\/span><\/h5>\r\n<\/li>\r\n<!-- \/wp:paragraph -->\r\n\r\n<!-- wp:list-item \/-->\r\n\r\n<!-- wp:list-item --><\/ul>\r\n<h5 style=\"text-align: left;\"><span style=\"font-family: georgia, palatino, serif; color: #000000; font-size: 12pt;\"><!-- \/wp:list-item -->\r\n\r\n<!-- wp:list {\"ordered\":true} --><\/span><\/h5>\r\n<h5 style=\"text-align: left;\">\u00a0<\/h5>\r\n<h5 style=\"text-align: left;\"><span style=\"font-size: 12pt; color: #000000; font-family: georgia, palatino, serif;\"><strong><span style=\"text-decoration: underline;\">Lehrbuch<\/span>: Machtsensibilit\u00e4t in der Sozialen Arbeit. Grundwissen f\u00fcr reflektiertes Handeln<\/strong> <a href=\"https:\/\/www.kohlhammer.de\/go.php?isbn=978-3-17-042185-1\"><span style=\"color: #000080;\"><span style=\"color: #999999;\"><span style=\"color: #808080;\">hier zu finden beim Kohlhammer Verlag<\/span><\/span><\/span><\/a><\/span><\/h5>\r\n<h5 style=\"text-align: left;\"><span style=\"text-decoration: underline; font-size: 12pt; color: #000000; font-family: georgia, palatino, serif;\"><strong>Rezensionen zum Lehrbuch<\/strong><\/span><span style=\"font-size: 12pt; color: #000000; font-family: georgia, palatino, serif;\"><strong>: <\/strong><\/span><span style=\"color: #808080;\"><span style=\"font-size: 12pt; font-family: georgia, palatino, serif;\"><a style=\"color: #808080;\" href=\"https:\/\/www.socialnet.de\/rezensionen\/31250.php\">socialnet, <\/a><\/span><span style=\"font-family: georgia, palatino, serif; font-size: 12pt;\"><a style=\"color: #808080;\" href=\"https:\/\/link.springer.com\/article\/10.1007\/s12054-024-00692-x\">Sozial Extra, <\/a><\/span><\/span><a href=\"https:\/\/edoc.ku.de\/id\/eprint\/33560\/\"><span style=\"font-size: 12pt;\"><span style=\"font-family: georgia, palatino, serif;\"><span style=\"color: #000080;\"><span style=\"color: #999999;\"><span style=\"color: #808080;\">Empirische P\u00e4dagogik<\/span><\/span><\/span><\/span><\/span><\/a><\/h5>\r\n<h5 style=\"text-align: left;\"><span style=\"font-family: georgia, palatino, serif; font-size: 12pt;\"><!-- \/wp:list -->\r\n\r\n<!-- wp:image --><\/span><\/h5>\r\n<h5 class=\"wp-block-image\" style=\"text-align: left;\"><span style=\"font-family: georgia, palatino, serif; font-size: 12pt;\"><img decoding=\"async\" src=\"https:\/\/shop.kohlhammer.de\/media\/catalog\/product\/cache\/514e9679f9fe3f9bc090528d50bf0157\/9\/7\/978-3-17-042185-1_g.jpg\" \/><\/span><\/h5>\r\n<h5 style=\"text-align: left;\"><span style=\"font-family: georgia, palatino, serif; font-size: 12pt; color: #000000;\"><strong><span style=\"text-decoration: underline;\">Lehrbuch<\/span>: Machtsensible Praxis in der Sozialen Arbeit. Interdisziplin\u00e4re und evidenzbasierte Methoden<\/strong> <\/span><a href=\"https:\/\/shop.kohlhammer.de\/machtsensible-praxis-in-der-sozialen-arbeit-44168.html#147=19\"><span style=\"font-family: georgia, palatino, serif; font-size: 12pt; color: #000000;\"><span style=\"color: #000080;\"><span style=\"color: #00ccff;\"><span style=\"color: #333399;\"><span style=\"color: #999999;\"><span style=\"color: #808080;\">hier zu finden beim Kohlhammer Verlag<\/span><\/span><\/span><\/span><\/span><\/span><\/a><\/h5>\r\n<h5><span style=\"font-family: georgia, palatino, serif; font-size: 12pt; color: #000000;\"><strong><span style=\"text-decoration: underline;\">Rezension zum Lehrbuch<\/span><\/strong>: <a href=\"https:\/\/www.info-sozial.de\/Detailed\/2591.html\"><span style=\"color: #808080;\">INFO sozial,<\/span> <\/a><\/span><a href=\"https:\/\/www.socialnet.de\/rezensionen\/33474.php\"><span style=\"font-family: georgia, palatino, serif; font-size: 12pt; color: #808080;\">socialnet<\/span><\/a><\/h5>\r\n<p style=\"text-align: left;\"><img loading=\"lazy\" decoding=\"async\" class=\"\" src=\"https:\/\/shop.kohlhammer.de\/media\/catalog\/product\/cache\/514e9679f9fe3f9bc090528d50bf0157\/9\/7\/978-3-17-044168-2_g.jpg\" alt=\"Machtsensible Praxis in der Sozialen Arbeit\" width=\"279\" height=\"419\" \/><\/p>\r\n<h5 style=\"text-align: left;\"><span style=\"text-decoration: underline; font-family: georgia, palatino, serif; font-size: 12pt;\"><span style=\"color: #000000; text-decoration: underline;\"><strong>Weiterf\u00fchrende Fachartikel<\/strong><\/span><\/span><\/h5>\r\n<h5 style=\"text-align: left;\"><span style=\"font-family: georgia, palatino, serif; font-size: 12pt;\"><!-- \/wp:image -->\r\n\r\n<!-- wp:list --><\/span><\/h5>\r\n<ul style=\"text-align: left;\"><!-- \/wp:list -->\r\n<li>\r\n<h5><span style=\"color: #000000; font-size: 12pt; font-family: georgia, palatino, serif;\"><strong>Der machtsensible Umgang mit Adressierten und seine Auswirkungen auf Adressierte und Sozialarbeiter*innen: Eine qualitative Studie<\/strong> (zu finden in der Fachzeitschrift <a href=\"https:\/\/www.researchgate.net\/publication\/390051882_Der_machtsensible_Umgang_mit_Adressierten_und_seine_Auswirkungen_auf_Adressierte_und_Sozialarbeiterinnen_Eine_qualitative_Studie\">Bl\u00e4tter der Wohlfahrtspflege<\/a>, 2\/25, S. 69-71)<\/span><\/h5>\r\n<\/li>\r\n<li>\r\n<h5><span style=\"font-family: georgia, palatino, serif; font-size: 12pt; color: #000000;\"><strong>Machtsensibilit\u00e4t messen: ein Screening zur Selbsteinsch\u00e4tzung<\/strong> (zu finden in der Fachzeitschrift <a href=\"https:\/\/www.dbsh.de\/der-dbsh\/dbsh-mitteilungen\/detail\/2024\/druckfrisch-forum-sozial-01-2024.html\">FORUM so<span style=\"color: #808080;\">zial, 1, 2024, S. 50-54<\/span><\/a>)<\/span><\/h5>\r\n<\/li>\r\n<li>\r\n<h5><span style=\"font-family: georgia, palatino, serif; color: #000000; font-size: 12pt;\"><strong>Zum Umgang mit Macht in der Arbeitspraxis: Ein machtsensibles Fachgespr\u00e4ch mit einer F\u00fchrungskraft aus der Sozialen Arbeit<\/strong> (zu finden in der Fachzeitschrift <a href=\"https:\/\/www.dbsh.de\/der-dbsh\/dbsh-mitteilungen\/detail\/2023\/forum-sozial-2-2023-ist-da.html\">FORUM sozial<\/a>, 2, 2023, S. 22-26)<\/span><\/h5>\r\n<\/li>\r\n<li>\r\n<h5><span style=\"font-family: georgia, palatino, serif; color: #000000; font-size: 12pt;\"><strong>Machtsensibilit\u00e4t in der Praxis Sozialer Arbeit. Eine explorative Analyse<\/strong> (zu finden in der Fachzeitschrift <a href=\"https:\/\/www.erev.de\/publikationen\/fachzeitschrift-evangelische-jugendhilfe-ej\/2022\/\">EREV-Fachzeitschrift f\u00fcr evangelische Jugendhilfe<\/a>, 99,\u00a0 2022, 194-201)<\/span><\/h5>\r\n<\/li>\r\n<li>\r\n<h5><span style=\"font-family: georgia, palatino, serif; color: #000000; font-size: 12pt;\"><strong>Usage of power in the education of paramedics \u2013 Survey study for analysis of a questionnaire and situation assessment<\/strong> (zu finden in der Fachzeitschrift <a href=\"https:\/\/www.egms.de\/static\/en\/journals\/zma\/2021-38\/zma001501.shtml\">Journal for Medical Education<\/a>, (38) 6, 2021<a style=\"color: #000000;\" href=\"https:\/\/www.egms.de\/static\/en\/journals\/zma\/2021-38\/zma001501.shtml\">)<\/a><\/span><\/h5>\r\n<\/li>\r\n<li>\r\n<h5><span style=\"font-family: georgia, palatino, serif; color: #000000; font-size: 12pt;\"><strong>Eingesch\u00e4tzte Machtanwendung in der Kindheitsp\u00e4dagogik. Zur Wichtigkeit von Prinzipienorientierung<\/strong> (zu finden in der Fachzeitschrift <a href=\"https:\/\/www.nomos-elibrary.de\/10.5771\/0490-1606-2021-5\/soziale-arbeit-jahrgang-70-2021-heft-5\">Soziale Arbeit<\/a>, 5, 2021, S. 178-183)<\/span><\/h5>\r\n<\/li>\r\n<li>\r\n<h5><span style=\"font-family: georgia, palatino, serif; color: #000000; font-size: 12pt;\"><strong>Gewalt von Fachkr\u00e4ften gegen\u00fcber Adressat*innen \u2212 Zur Entwicklung einer Mac<\/strong><strong>htsensibilit\u00e4t bei Sozialarbeiter*innen<\/strong> (zu finden in der Fachzeitschrift <a href=\"https:\/\/www.corax-magazin.de\/produkt\/ausgabe-2-2020\">CORAX \u2013 Fachmagazin f\u00fcr Kinder- und Jugendarbeit in Sachsen<\/a>, 2, 2020, S. 26-27)<\/span><\/h5>\r\n<\/li>\r\n<li>\r\n<h5><span style=\"font-family: georgia, palatino, serif; color: #000000; font-size: 12pt;\"><strong>Der verantwortungsvolle Machtgebrauch<\/strong> (zu finden in der Fachzeitschrift <a href=\"https:\/\/www.erev.de\/publikationen\/fachzeitschrift-evangelische-jugendhilfe-ej\/2020\/\">EREV-Fachzeitschrift Evangelische Jugendhilfe<\/a>, 97, 2020, S. 4-12)<\/span><\/h5>\r\n<\/li>\r\n<li>\r\n<h5><span style=\"font-family: georgia, palatino, serif; color: #000000; font-size: 12pt;\"><strong>Machtsensibilit\u00e4t bei Sozialarbeitern \u2013 Impulse aus p\u00e4dagogisch-psychologischer Sicht<\/strong> (zu finden in der Fachzeitschrift <a href=\"https:\/\/www.erev.de\/publikationen\/fachzeitschrift-evangelische-jugendhilfe-ej\/2019\/\">EREV-Fachzeitschrift Evangelische Jugendhilfe<\/a>, 96, 2019, S. 164-173)<\/span><\/h5>\r\n<\/li>\r\n<\/ul>\r\n<h5 style=\"text-align: left;\">\u00a0<\/h5>\r\n<h5 style=\"text-align: left;\"><span style=\"font-family: georgia, palatino, serif; font-size: 12pt;\"><strong><span style=\"color: #000000;\"><span style=\"text-decoration: underline;\">Vortr\u00e4ge, Lehre und Workshops<\/span>: <\/span><span style=\"color: #000000;\">Wenn Sie Interesse an einem praxisorientierten Vortrag oder Workshop haben, schreiben Sie mich gerne an: mail@melaniemisamer.de<\/span><\/strong><\/span><\/h5>\r\n<p style=\"text-align: left;\">\u00a0<\/p>\r\n<h5 style=\"text-align: left;\"><span style=\"color: #000000; font-family: georgia, palatino, serif; font-size: 12pt;\"><strong><span style=\"text-decoration: underline;\">Buchtipps anderer Autorinnen und Autoren<\/span>:<\/strong><\/span><\/h5>\r\n<h5 style=\"text-align: left;\"><span style=\"color: #000000; font-family: georgia, palatino, serif; font-size: 12pt;\"><strong>Belletristisches Buch: &#8222;Wer die Macht will, hat sie schon missbraucht&#8220; von J\u00f6rg Baum <\/strong><\/span><a href=\"https:\/\/jacobs-verlag.de\/archives\/29584\"><strong><span style=\"font-family: georgia, palatino, serif; font-size: 12pt;\">Link zum Buch<\/span><\/strong><\/a><\/h5>\r\n<h5 style=\"text-align: left;\"><span style=\"color: #000000; font-family: georgia, palatino, serif; font-size: 12pt;\">Das Buch vereint Wissenschaft mit einer wunderbaren belletristisch-weisheitlichen Geschichte. Beides geht Hand in Hand, um das Thema Macht einerseits theoretisch-kognitiv und andererseits emotional erfahrbar zu machen. Eine Synergie, die aus meiner Sicht wirklich gelungen ist. Das Buch ist geeignet f\u00fcr Eltern, F\u00fchrungskr\u00e4fte, Lehrkr\u00e4fte und alle, die anderen gegen\u00fcber in irgendeiner Weise Verantwortung tragen. <\/span><\/h5>\r\n<h5 style=\"text-align: left;\">\u00a0<\/h5>\r\n<!-- \/wp:list -->\r\n\r\n<!-- wp:image -->\r\n<figure class=\"wp-block-image\"><img alt=\"\" \/><\/figure>\r\n<!-- \/wp:image -->","protected":false},"excerpt":{"rendered":"<p>\u00a0 &#8222;Besonders wichtig ist mir die Vermittlung einer Machtsensibilit\u00e4t bei Personen, die sich sp\u00e4ter in Machtpositionen gegen\u00fcber anderen befinden.&#8222; (Misamer,\u00a0 2021, Alumni Portraits, Universit\u00e4t Vechta) Macht findet sich in jeglichen sozialen Beziehungen, in Arbeits-, Freundes- oder Familienbeziehungen ist sie stets auf irgendeine Weise Thema. Insbesondere dort, wo Menschen Verantwortung f\u00fcr andere tragen, wird der sensible Umgang mit der eigenen Macht relevant. Denn zu wissen, welche Wirkung die eigenen Handlungsweisen haben, entscheidet unter anderem dar\u00fcber, &#8230; ob eine Intervention zum gew\u00fcnschten&#8230;<\/p>\n<p class=\"read-more\"><a class=\"btn btn-default\" href=\"https:\/\/melaniemisamer.de\/\">Weiterlesen<span class=\"screen-reader-text\"> Weiterlesen<\/span><\/a><\/p>\n","protected":false},"author":1,"featured_media":0,"parent":0,"menu_order":0,"comment_status":"closed","ping_status":"closed","template":"","meta":{"footnotes":""},"class_list":["post-1377","page","type-page","status-publish","hentry"],"yoast_head":"<!-- This site is optimized with the Yoast SEO plugin v27.4 - https:\/\/yoast.com\/product\/yoast-seo-wordpress\/ -->\n<title>Machtsensibilit\u00e4t - Prof. Dr. Melanie Misamer<\/title>\n<meta name=\"description\" content=\"Machtsensibilit\u00e4t beschreibt eine konstitutive Empfindsamkeit gegen\u00fcber der Machtanwendung. Sie beinhaltet ein Wissen um den eigenen Status, m\u00f6gliche Korrumpierungsmechanismen, das Eigenwirkpotenzial von Macht, unterschiedliche Wahrnehmungen der Machtanwendung und sozialpsychologische Fallstricke der eigenen Wahrnehmung.\" \/>\n<meta name=\"robots\" content=\"index, follow, max-snippet:-1, max-image-preview:large, max-video-preview:-1\" \/>\n<link rel=\"canonical\" href=\"https:\/\/melaniemisamer.de\/\" \/>\n<meta property=\"og:locale\" content=\"de_DE\" \/>\n<meta property=\"og:type\" content=\"article\" \/>\n<meta property=\"og:title\" content=\"Machtsensibilit\u00e4t - Prof. Dr. Melanie Misamer\" \/>\n<meta property=\"og:description\" content=\"Machtsensibilit\u00e4t beschreibt eine konstitutive Empfindsamkeit gegen\u00fcber der Machtanwendung. Sie beinhaltet ein Wissen um den eigenen Status, m\u00f6gliche Korrumpierungsmechanismen, das Eigenwirkpotenzial von Macht, unterschiedliche Wahrnehmungen der Machtanwendung und sozialpsychologische Fallstricke der eigenen Wahrnehmung.\" \/>\n<meta property=\"og:url\" content=\"https:\/\/melaniemisamer.de\/\" \/>\n<meta property=\"og:site_name\" content=\"Prof. Dr. Melanie Misamer\" \/>\n<meta property=\"article:modified_time\" content=\"2025-09-10T17:13:23+00:00\" \/>\n<meta property=\"og:image\" content=\"https:\/\/melaniemisamer.de\/wp-content\/uploads\/2024\/02\/Melanie-misamer.1024x1024.jpg\" \/>\n\t<meta property=\"og:image:width\" content=\"1024\" \/>\n\t<meta property=\"og:image:height\" content=\"1024\" \/>\n\t<meta property=\"og:image:type\" content=\"image\/jpeg\" \/>\n<meta name=\"twitter:card\" content=\"summary_large_image\" \/>\n<meta name=\"twitter:label1\" content=\"Gesch\u00e4tzte Lesezeit\" \/>\n\t<meta name=\"twitter:data1\" content=\"4\u00a0Minuten\" \/>\n<script type=\"application\/ld+json\" class=\"yoast-schema-graph\">{\"@context\":\"https:\\\/\\\/schema.org\",\"@graph\":[{\"@type\":\"WebPage\",\"@id\":\"https:\\\/\\\/melaniemisamer.de\\\/\",\"url\":\"https:\\\/\\\/melaniemisamer.de\\\/\",\"name\":\"Machtsensibilit\u00e4t - Prof. Dr. Melanie Misamer\",\"isPartOf\":{\"@id\":\"https:\\\/\\\/melaniemisamer.de\\\/#website\"},\"primaryImageOfPage\":{\"@id\":\"https:\\\/\\\/melaniemisamer.de\\\/#primaryimage\"},\"image\":{\"@id\":\"https:\\\/\\\/melaniemisamer.de\\\/#primaryimage\"},\"thumbnailUrl\":\"http:\\\/\\\/melaniemisamer.de\\\/wp-content\\\/uploads\\\/2024\\\/02\\\/Melanie-misamer.1024x1024-150x150.jpg\",\"datePublished\":\"2023-12-28T06:30:33+00:00\",\"dateModified\":\"2025-09-10T17:13:23+00:00\",\"description\":\"Machtsensibilit\u00e4t beschreibt eine konstitutive Empfindsamkeit gegen\u00fcber der Machtanwendung. Sie beinhaltet ein Wissen um den eigenen Status, m\u00f6gliche Korrumpierungsmechanismen, das Eigenwirkpotenzial von Macht, unterschiedliche Wahrnehmungen der Machtanwendung und sozialpsychologische Fallstricke der eigenen Wahrnehmung.\",\"breadcrumb\":{\"@id\":\"https:\\\/\\\/melaniemisamer.de\\\/#breadcrumb\"},\"inLanguage\":\"de\",\"potentialAction\":[{\"@type\":\"ReadAction\",\"target\":[\"https:\\\/\\\/melaniemisamer.de\\\/\"]}]},{\"@type\":\"ImageObject\",\"inLanguage\":\"de\",\"@id\":\"https:\\\/\\\/melaniemisamer.de\\\/#primaryimage\",\"url\":\"https:\\\/\\\/melaniemisamer.de\\\/wp-content\\\/uploads\\\/2024\\\/02\\\/Melanie-misamer.1024x1024.jpg\",\"contentUrl\":\"https:\\\/\\\/melaniemisamer.de\\\/wp-content\\\/uploads\\\/2024\\\/02\\\/Melanie-misamer.1024x1024.jpg\",\"width\":1024,\"height\":1024},{\"@type\":\"BreadcrumbList\",\"@id\":\"https:\\\/\\\/melaniemisamer.de\\\/#breadcrumb\",\"itemListElement\":[{\"@type\":\"ListItem\",\"position\":1,\"name\":\"Startseite\",\"item\":\"https:\\\/\\\/melaniemisamer.de\\\/\"},{\"@type\":\"ListItem\",\"position\":2,\"name\":\"Machtsensibilit\u00e4t\"}]},{\"@type\":\"WebSite\",\"@id\":\"https:\\\/\\\/melaniemisamer.de\\\/#website\",\"url\":\"https:\\\/\\\/melaniemisamer.de\\\/\",\"name\":\"Prof. Dr. Melanie Misamer\",\"description\":\"Machtsensibilit\u00e4t - Forschung, Lehre &amp; Vortr\u00e4ge\",\"potentialAction\":[{\"@type\":\"SearchAction\",\"target\":{\"@type\":\"EntryPoint\",\"urlTemplate\":\"https:\\\/\\\/melaniemisamer.de\\\/?s={search_term_string}\"},\"query-input\":{\"@type\":\"PropertyValueSpecification\",\"valueRequired\":true,\"valueName\":\"search_term_string\"}}],\"inLanguage\":\"de\"}]}<\/script>\n<!-- \/ Yoast SEO plugin. -->","yoast_head_json":{"title":"Machtsensibilit\u00e4t - Prof. Dr. Melanie Misamer","description":"Machtsensibilit\u00e4t beschreibt eine konstitutive Empfindsamkeit gegen\u00fcber der Machtanwendung. Sie beinhaltet ein Wissen um den eigenen Status, m\u00f6gliche Korrumpierungsmechanismen, das Eigenwirkpotenzial von Macht, unterschiedliche Wahrnehmungen der Machtanwendung und sozialpsychologische Fallstricke der eigenen Wahrnehmung.","robots":{"index":"index","follow":"follow","max-snippet":"max-snippet:-1","max-image-preview":"max-image-preview:large","max-video-preview":"max-video-preview:-1"},"canonical":"https:\/\/melaniemisamer.de\/","og_locale":"de_DE","og_type":"article","og_title":"Machtsensibilit\u00e4t - Prof. Dr. Melanie Misamer","og_description":"Machtsensibilit\u00e4t beschreibt eine konstitutive Empfindsamkeit gegen\u00fcber der Machtanwendung. Sie beinhaltet ein Wissen um den eigenen Status, m\u00f6gliche Korrumpierungsmechanismen, das Eigenwirkpotenzial von Macht, unterschiedliche Wahrnehmungen der Machtanwendung und sozialpsychologische Fallstricke der eigenen Wahrnehmung.","og_url":"https:\/\/melaniemisamer.de\/","og_site_name":"Prof. Dr. Melanie Misamer","article_modified_time":"2025-09-10T17:13:23+00:00","og_image":[{"width":1024,"height":1024,"url":"https:\/\/melaniemisamer.de\/wp-content\/uploads\/2024\/02\/Melanie-misamer.1024x1024.jpg","type":"image\/jpeg"}],"twitter_card":"summary_large_image","twitter_misc":{"Gesch\u00e4tzte Lesezeit":"4\u00a0Minuten"},"schema":{"@context":"https:\/\/schema.org","@graph":[{"@type":"WebPage","@id":"https:\/\/melaniemisamer.de\/","url":"https:\/\/melaniemisamer.de\/","name":"Machtsensibilit\u00e4t - Prof. Dr. Melanie Misamer","isPartOf":{"@id":"https:\/\/melaniemisamer.de\/#website"},"primaryImageOfPage":{"@id":"https:\/\/melaniemisamer.de\/#primaryimage"},"image":{"@id":"https:\/\/melaniemisamer.de\/#primaryimage"},"thumbnailUrl":"http:\/\/melaniemisamer.de\/wp-content\/uploads\/2024\/02\/Melanie-misamer.1024x1024-150x150.jpg","datePublished":"2023-12-28T06:30:33+00:00","dateModified":"2025-09-10T17:13:23+00:00","description":"Machtsensibilit\u00e4t beschreibt eine konstitutive Empfindsamkeit gegen\u00fcber der Machtanwendung. Sie beinhaltet ein Wissen um den eigenen Status, m\u00f6gliche Korrumpierungsmechanismen, das Eigenwirkpotenzial von Macht, unterschiedliche Wahrnehmungen der Machtanwendung und sozialpsychologische Fallstricke der eigenen Wahrnehmung.","breadcrumb":{"@id":"https:\/\/melaniemisamer.de\/#breadcrumb"},"inLanguage":"de","potentialAction":[{"@type":"ReadAction","target":["https:\/\/melaniemisamer.de\/"]}]},{"@type":"ImageObject","inLanguage":"de","@id":"https:\/\/melaniemisamer.de\/#primaryimage","url":"https:\/\/melaniemisamer.de\/wp-content\/uploads\/2024\/02\/Melanie-misamer.1024x1024.jpg","contentUrl":"https:\/\/melaniemisamer.de\/wp-content\/uploads\/2024\/02\/Melanie-misamer.1024x1024.jpg","width":1024,"height":1024},{"@type":"BreadcrumbList","@id":"https:\/\/melaniemisamer.de\/#breadcrumb","itemListElement":[{"@type":"ListItem","position":1,"name":"Startseite","item":"https:\/\/melaniemisamer.de\/"},{"@type":"ListItem","position":2,"name":"Machtsensibilit\u00e4t"}]},{"@type":"WebSite","@id":"https:\/\/melaniemisamer.de\/#website","url":"https:\/\/melaniemisamer.de\/","name":"Prof. Dr. Melanie Misamer","description":"Machtsensibilit\u00e4t - Forschung, Lehre &amp; Vortr\u00e4ge","potentialAction":[{"@type":"SearchAction","target":{"@type":"EntryPoint","urlTemplate":"https:\/\/melaniemisamer.de\/?s={search_term_string}"},"query-input":{"@type":"PropertyValueSpecification","valueRequired":true,"valueName":"search_term_string"}}],"inLanguage":"de"}]}},"_links":{"self":[{"href":"https:\/\/melaniemisamer.de\/index.php?rest_route=\/wp\/v2\/pages\/1377","targetHints":{"allow":["GET"]}}],"collection":[{"href":"https:\/\/melaniemisamer.de\/index.php?rest_route=\/wp\/v2\/pages"}],"about":[{"href":"https:\/\/melaniemisamer.de\/index.php?rest_route=\/wp\/v2\/types\/page"}],"author":[{"embeddable":true,"href":"https:\/\/melaniemisamer.de\/index.php?rest_route=\/wp\/v2\/users\/1"}],"replies":[{"embeddable":true,"href":"https:\/\/melaniemisamer.de\/index.php?rest_route=%2Fwp%2Fv2%2Fcomments&post=1377"}],"version-history":[{"count":96,"href":"https:\/\/melaniemisamer.de\/index.php?rest_route=\/wp\/v2\/pages\/1377\/revisions"}],"predecessor-version":[{"id":1625,"href":"https:\/\/melaniemisamer.de\/index.php?rest_route=\/wp\/v2\/pages\/1377\/revisions\/1625"}],"wp:attachment":[{"href":"https:\/\/melaniemisamer.de\/index.php?rest_route=%2Fwp%2Fv2%2Fmedia&parent=1377"}],"curies":[{"name":"wp","href":"https:\/\/api.w.org\/{rel}","templated":true}]}}