{"id":10,"date":"2017-11-18T14:10:50","date_gmt":"2017-11-18T14:10:50","guid":{"rendered":"http:\/\/melaniemisamer.de\/?page_id=10"},"modified":"2025-07-04T14:54:49","modified_gmt":"2025-07-04T14:54:49","slug":"vita","status":"publish","type":"page","link":"https:\/\/melaniemisamer.de\/?page_id=10","title":{"rendered":"Vorstellung"},"content":{"rendered":"<p><img loading=\"lazy\" decoding=\"async\" class=\"wp-image-810 alignleft\" src=\"http:\/\/melaniemisamer.de\/wp-content\/uploads\/2020\/01\/JVD06266PS1-200x300.jpg\" alt=\"\" width=\"298\" height=\"447\" srcset=\"https:\/\/melaniemisamer.de\/wp-content\/uploads\/2020\/01\/JVD06266PS1-200x300.jpg 200w, https:\/\/melaniemisamer.de\/wp-content\/uploads\/2020\/01\/JVD06266PS1-683x1024.jpg 683w, https:\/\/melaniemisamer.de\/wp-content\/uploads\/2020\/01\/JVD06266PS1-768x1152.jpg 768w, https:\/\/melaniemisamer.de\/wp-content\/uploads\/2020\/01\/JVD06266PS1-1024x1536.jpg 1024w, https:\/\/melaniemisamer.de\/wp-content\/uploads\/2020\/01\/JVD06266PS1-1365x2048.jpg 1365w, https:\/\/melaniemisamer.de\/wp-content\/uploads\/2020\/01\/JVD06266PS1-180x270.jpg 180w, https:\/\/melaniemisamer.de\/wp-content\/uploads\/2020\/01\/JVD06266PS1-scaled.jpg 1707w\" sizes=\"auto, (max-width: 298px) 100vw, 298px\" \/><\/p>\r\n<p style=\"text-align: left;\"><span style=\"font-family: georgia, palatino, serif; color: #000000; font-size: 12pt;\"><strong>Name: <\/strong>Melanie Misamer <a style=\"color: #000000;\" href=\"https:\/\/orcid.org\/0000-0002-8811-7451\"><strong><span style=\"color: #000000;\">ORCID<\/span><\/strong><\/a><\/span><\/p>\r\n<p style=\"text-align: left;\"><span style=\"font-family: georgia, palatino, serif; color: #000000; font-size: 12pt;\"><strong>Professorin<\/strong> f\u00fcr Methoden und Konzepte Sozialer Arbeit in der Gesundheitsf\u00f6rderung<\/span><\/p>\r\n<p style=\"text-align: left;\"><span style=\"font-family: georgia, palatino, serif; color: #000000; font-size: 12pt;\">HAWK G\u00f6ttingen, Fakult\u00e4t f\u00fcr Ingenieurwissenschaften und Gesundheit, Lehreinheit Gesundheit (Bereich: Gesundheitscampus)<\/span><\/p>\r\n<p style=\"text-align: left;\"><span style=\"font-family: georgia, palatino, serif; color: #000000; font-size: 12pt;\"><strong>Studium: <\/strong>Soziale Arbeit<\/span><\/p>\r\n<p style=\"text-align: left;\"><span style=\"font-family: georgia, palatino, serif; color: #000000; font-size: 12pt;\"><strong>Promotion:<\/strong> P\u00e4dagogische Psychologie (Thema: <a style=\"color: #000000;\" href=\"http:\/\/melaniemisamer.de\/wp-content\/uploads\/2019\/01\/Innenteil-Misamer-komplett-f\u00fcr-Download-high.pdf\">Macht und Machtmittel in der Schule<\/a>*)<\/span><\/p>\r\n<h5 style=\"text-align: left;\">\u00a0<\/h5>\r\n<h5><span style=\"font-family: georgia, palatino, serif; color: #000000; font-size: 12pt;\"><strong>Meine Themen<\/strong><\/span><\/h5>\r\n<ul style=\"text-align: left;\">\r\n<li><span style=\"font-family: georgia, palatino, serif; color: #000000; font-size: 12pt;\"><a style=\"color: #000000;\" href=\"https:\/\/www.socialnet.de\/materialien\/29731.php\"><strong>Handlungskonzept Machtsensibilit\u00e4t<\/strong><\/a><\/span><\/li>\r\n<li><span style=\"font-family: georgia, palatino, serif; color: #000000; font-size: 12pt;\"><strong>Multidisziplin\u00e4res dimensionales Machtkonzept: <\/strong>Macht als zun\u00e4chst neutrales Potenzial, das auf die eine oder andere Weise angewendet werden kann<\/span><\/li>\r\n<li><span style=\"font-family: georgia, palatino, serif; color: #000000; font-size: 12pt;\"><strong>Machtanwendung<\/strong> im Sinne des Win-Win-Prinzips, s.a. konstruktive Machtanwendung in Abgrenzung zur destruktiven Machtanwendung<\/span><\/li>\r\n<li><span style=\"font-family: georgia, palatino, serif; color: #000000; font-size: 12pt;\"><strong>Machtanwendung <\/strong>und <strong>(ethische) Prinzipien<\/strong><\/span><\/li>\r\n<li><span style=\"font-family: georgia, palatino, serif; color: #000000; font-size: 12pt;\"><strong>Gesundheit<\/strong> und <strong>Macht<\/strong> (z.B. als vorhandene oder verminderte M\u00f6glichkeit Gesundheitsressourcen zu nutzen)<\/span><\/li>\r\n<\/ul>\r\n<p style=\"text-align: left;\">\u00a0<\/p>\r\n<h5 style=\"text-align: left;\"><span style=\"font-family: georgia, palatino, serif; color: #000000;\"><span style=\"font-size: 12pt;\"><strong>Empirisch betrachtet habe ich bisher<\/strong><\/span><strong><br \/><\/strong><\/span><\/h5>\r\n<ul style=\"text-align: left;\">\r\n<li><span style=\"font-family: georgia, palatino, serif; color: #000000;\">den schulischen Kontext (Lehrkr\u00e4fte und Sch\u00fcler*innen)<\/span><\/li>\r\n<li><span style=\"font-family: georgia, palatino, serif; color: #000000;\">den Sozialarbeitskontext (verschiedene Bereiche)<\/span><\/li>\r\n<li><span style=\"font-family: georgia, palatino, serif; color: #000000;\">den Hochschulkontext (Lehramtsstudierende)<\/span><\/li>\r\n<li><span style=\"font-family: georgia, palatino, serif; color: #000000;\">den vorschulischen Kontext (Kindheitsp\u00e4dagog*innen)\u00a0<\/span><\/li>\r\n<li><span style=\"font-family: georgia, palatino, serif; color: #000000;\">den notfallmedizinischen Kontext (Ausbilder*innen\/Praxisanleiter*innen und Auszubildenden in der Notfallmedizin s. <a style=\"color: #000000;\" href=\"http:\/\/melaniemisamer.de\/?page_id=168\">Forschungsschwerpunkte<\/a>).<\/span><\/li>\r\n<\/ul>\r\n<h5 style=\"text-align: left;\">\u00a0<\/h5>\r\n<h5 style=\"text-align: left;\"><span style=\"color: #000000; font-family: georgia, palatino, serif; font-size: 12pt;\"><strong>Kurzvita<\/strong><\/span><\/h5>\r\n<h5 style=\"text-align: left;\"><span style=\"font-family: georgia, palatino, serif; font-size: 12pt; color: #000000;\"><strong>Seit 2021<\/strong>: <strong>Professorin<\/strong>, Fakult\u00e4t Ingenieurwissenschaften und Gesundheit, HAWK G\u00f6ttingen<br \/><\/span><\/h5>\r\n<h5 style=\"text-align: left;\"><span style=\"font-family: georgia, palatino, serif; color: #000000; font-size: 12pt;\"><strong>2020-2021<\/strong>:<strong> Verwalterin einer Professur<\/strong>, Fakult\u00e4t Ingenieurwissenschaften und Gesundheit, HAWK G\u00f6ttingen<br \/><\/span><\/h5>\r\n<h5 style=\"text-align: left;\"><span style=\"font-family: georgia, palatino, serif; font-size: 12pt; color: #000000;\"><strong>2018-2021<\/strong>: <strong>Lehrauftr\u00e4ge<\/strong> <\/span><\/h5>\r\n<ul style=\"text-align: left;\">\r\n<li style=\"text-align: left;\">\r\n<h5><span style=\"font-family: georgia, palatino, serif; font-size: 12pt; color: #000000;\">Fakult\u00e4t f\u00fcr Soziale Arbeit und Gesundheit, HAWK Hildesheim (2018-2021)<br \/><\/span><\/h5>\r\n<\/li>\r\n<li style=\"text-align: left;\">\r\n<h5><span style=\"font-family: georgia, palatino, serif; font-size: 12pt; color: #000000;\">Aufstiegsqualifizierung Pflegeberufe, OKS Braunschweig (2018-2020)<br \/><\/span><\/h5>\r\n<\/li>\r\n<\/ul>\r\n<h5 style=\"text-align: left;\"><span style=\"font-family: georgia, palatino, serif; font-size: 12pt; color: #000000;\"><strong>2011, 2017-2020<\/strong>: <strong>Soziale Arbeit<br \/><\/strong><\/span><\/h5>\r\n<ul style=\"text-align: left;\">\r\n<li style=\"text-align: left;\">\r\n<h5><span style=\"font-family: georgia, palatino, serif; font-size: 12pt; color: #000000;\">Flexible Hilfen<\/span><\/h5>\r\n<\/li>\r\n<li style=\"text-align: left;\">\r\n<h5><span style=\"font-family: georgia, palatino, serif; font-size: 12pt; color: #000000;\">Wohngruppenarbeit <\/span><\/h5>\r\n<\/li>\r\n<li style=\"text-align: left;\">\r\n<h5><span style=\"font-family: georgia, palatino, serif; font-size: 12pt; color: #000000;\">Inobhutnahme<\/span><\/h5>\r\n<\/li>\r\n<li>\r\n<h5><span style=\"font-family: georgia, palatino, serif; color: #000000; font-size: 12pt;\">Jugendhilfe<\/span><\/h5>\r\n<\/li>\r\n<\/ul>\r\n<h5 style=\"text-align: left;\"><span style=\"font-family: georgia, palatino, serif; font-size: 12pt; color: #000000;\"><strong>2012-2018<\/strong>:<strong> Wissenschaftliche Mitarbeit<\/strong>, Institut f\u00fcr P\u00e4dagogische Psychologie, TU Braunschweig<\/span><\/h5>\r\n<ul style=\"text-align: left;\">\r\n<li>\r\n<h5><span style=\"font-family: georgia, palatino, serif; color: #000000; font-size: 12pt;\">Promotion (Dr. phil., Fach: P\u00e4dagogische Psychologie) und Lehre<\/span><\/h5>\r\n<\/li>\r\n<li>\r\n<h5><span style=\"font-family: georgia, palatino, serif; color: #000000; font-size: 12pt;\">Mitarbeit am Programm &#8222;Braunschweiger Trainings- und Beratungsmodell&#8220;<\/span><\/h5>\r\n<\/li>\r\n<li>\r\n<h5><span style=\"font-family: georgia, palatino, serif; color: #000000; font-size: 12pt;\">Interdisziplin\u00e4res Projektmanagement<\/span><\/h5>\r\n<\/li>\r\n<\/ul>\r\n<h5 style=\"text-align: left;\"><span style=\"font-family: georgia, palatino, serif; font-size: 12pt; color: #000000;\"><strong>2006-2011: Studium<\/strong>, Universit\u00e4t Vechta<\/span><\/h5>\r\n<ul style=\"text-align: left;\">\r\n<li style=\"text-align: left;\">\r\n<h5><span style=\"font-family: georgia, palatino, serif; font-size: 12pt; color: #000000;\">Master Social Work (2009-2011)<br \/><\/span><\/h5>\r\n<\/li>\r\n<li style=\"text-align: left;\">\r\n<h5><span style=\"font-family: georgia, palatino, serif; font-size: 12pt; color: #000000;\">Bachelor Soziale Arbeit in Humandiensten (2006-2009)<br \/><\/span><\/h5>\r\n<\/li>\r\n<\/ul>\r\n<h5 style=\"text-align: left;\"><span style=\"font-size: 12pt; font-family: georgia, palatino, serif; color: #000000;\"><b>Stipendien und Auszeichnungen im Studium <\/b><\/span><\/h5>\r\n<ul style=\"text-align: left;\">\r\n<li>\r\n<h5><span style=\"font-size: 12pt; font-family: georgia, palatino, serif; color: #000000;\">Studienbeitragsstipendium f\u00fcr Leistungen im Studium und ehrenamtliches Engagement<\/span><\/h5>\r\n<\/li>\r\n<li>\r\n<h5><span style=\"font-family: georgia, palatino, serif; font-size: 12pt; color: #000000;\">F\u00f6rderpreis f\u00fcr herausragende Leistungen, Universit\u00e4tsgesellschaft<\/span><\/h5>\r\n<\/li>\r\n<\/ul>\r\n<h5 style=\"text-align: left;\"><span style=\"color: #000000; font-family: georgia, palatino, serif; font-size: 12pt;\"><strong>Fachgesellschaften<\/strong><\/span><\/h5>\r\n<ul style=\"text-align: left;\">\r\n<li>\r\n<h5><span style=\"font-family: georgia, palatino, serif; font-size: 12pt; color: #000000;\">Deutsche Gesellschaft f\u00fcr Soziale Arbeit (DGSA)<\/span><\/h5>\r\n<\/li>\r\n<li style=\"text-align: left;\">\r\n<h5><span style=\"font-family: georgia, palatino, serif; font-size: 12pt; color: #000000;\">Deutsche Vereinigung f\u00fcr Soziale Arbeit im Gesundheitswesen e.V. (DVSG)<\/span><\/h5>\r\n<\/li>\r\n<\/ul>\r\n","protected":false},"excerpt":{"rendered":"<p>Name: Melanie Misamer ORCID Professorin f\u00fcr Methoden und Konzepte Sozialer Arbeit in der Gesundheitsf\u00f6rderung HAWK G\u00f6ttingen, Fakult\u00e4t f\u00fcr Ingenieurwissenschaften und Gesundheit, Lehreinheit Gesundheit (Bereich: Gesundheitscampus) Studium: Soziale Arbeit Promotion: P\u00e4dagogische Psychologie (Thema: Macht und Machtmittel in der Schule*) \u00a0 Meine Themen Handlungskonzept Machtsensibilit\u00e4t Multidisziplin\u00e4res dimensionales Machtkonzept: Macht als zun\u00e4chst neutrales Potenzial, das auf die eine oder andere Weise angewendet werden kann Machtanwendung im Sinne des Win-Win-Prinzips, s.a. konstruktive Machtanwendung in Abgrenzung zur destruktiven Machtanwendung Machtanwendung und (ethische) Prinzipien Gesundheit und&#8230;<\/p>\n<p class=\"read-more\"><a class=\"btn btn-default\" href=\"https:\/\/melaniemisamer.de\/?page_id=10\">Weiterlesen<span class=\"screen-reader-text\"> Weiterlesen<\/span><\/a><\/p>\n","protected":false},"author":1,"featured_media":0,"parent":0,"menu_order":0,"comment_status":"closed","ping_status":"closed","template":"","meta":{"footnotes":""},"class_list":["post-10","page","type-page","status-publish","hentry"],"yoast_head":"<!-- This site is optimized with the Yoast SEO plugin v27.5 - https:\/\/yoast.com\/product\/yoast-seo-wordpress\/ -->\n<title>Vorstellung - Prof. Dr. Melanie Misamer<\/title>\n<meta name=\"description\" content=\"Prof. Dr. Melanie Misamer, Sozialwissenschaftlerin, Machtforschung und -theoriebildung, Machtsensibilit\u00e4t, Vortr\u00e4ge und Workshops\" \/>\n<meta name=\"robots\" content=\"index, follow, max-snippet:-1, max-image-preview:large, max-video-preview:-1\" \/>\n<link rel=\"canonical\" href=\"https:\/\/melaniemisamer.de\/?page_id=10\" \/>\n<meta property=\"og:locale\" content=\"de_DE\" \/>\n<meta property=\"og:type\" content=\"article\" \/>\n<meta property=\"og:title\" content=\"Vorstellung - Prof. Dr. Melanie Misamer\" \/>\n<meta property=\"og:description\" content=\"Prof. Dr. Melanie Misamer, Sozialwissenschaftlerin, Machtforschung und -theoriebildung, Machtsensibilit\u00e4t, Vortr\u00e4ge und Workshops\" \/>\n<meta property=\"og:url\" content=\"https:\/\/melaniemisamer.de\/?page_id=10\" \/>\n<meta property=\"og:site_name\" content=\"Prof. Dr. Melanie Misamer\" \/>\n<meta property=\"article:modified_time\" content=\"2025-07-04T14:54:49+00:00\" \/>\n<meta property=\"og:image\" content=\"https:\/\/melaniemisamer.de\/wp-content\/uploads\/2020\/01\/JVD06266PS1-scaled.jpg\" \/>\n\t<meta property=\"og:image:width\" content=\"1707\" \/>\n\t<meta property=\"og:image:height\" content=\"2560\" \/>\n\t<meta property=\"og:image:type\" content=\"image\/jpeg\" \/>\n<meta name=\"twitter:card\" content=\"summary_large_image\" \/>\n<meta name=\"twitter:label1\" content=\"Gesch\u00e4tzte Lesezeit\" \/>\n\t<meta name=\"twitter:data1\" content=\"2\u00a0Minuten\" \/>\n<script type=\"application\/ld+json\" class=\"yoast-schema-graph\">{\"@context\":\"https:\\\/\\\/schema.org\",\"@graph\":[{\"@type\":\"WebPage\",\"@id\":\"https:\\\/\\\/melaniemisamer.de\\\/?page_id=10\",\"url\":\"https:\\\/\\\/melaniemisamer.de\\\/?page_id=10\",\"name\":\"Vorstellung - Prof. Dr. Melanie Misamer\",\"isPartOf\":{\"@id\":\"https:\\\/\\\/melaniemisamer.de\\\/#website\"},\"primaryImageOfPage\":{\"@id\":\"https:\\\/\\\/melaniemisamer.de\\\/?page_id=10#primaryimage\"},\"image\":{\"@id\":\"https:\\\/\\\/melaniemisamer.de\\\/?page_id=10#primaryimage\"},\"thumbnailUrl\":\"http:\\\/\\\/melaniemisamer.de\\\/wp-content\\\/uploads\\\/2020\\\/01\\\/JVD06266PS1-200x300.jpg\",\"datePublished\":\"2017-11-18T14:10:50+00:00\",\"dateModified\":\"2025-07-04T14:54:49+00:00\",\"description\":\"Prof. Dr. Melanie Misamer, Sozialwissenschaftlerin, Machtforschung und -theoriebildung, Machtsensibilit\u00e4t, Vortr\u00e4ge und Workshops\",\"breadcrumb\":{\"@id\":\"https:\\\/\\\/melaniemisamer.de\\\/?page_id=10#breadcrumb\"},\"inLanguage\":\"de\",\"potentialAction\":[{\"@type\":\"ReadAction\",\"target\":[\"https:\\\/\\\/melaniemisamer.de\\\/?page_id=10\"]}]},{\"@type\":\"ImageObject\",\"inLanguage\":\"de\",\"@id\":\"https:\\\/\\\/melaniemisamer.de\\\/?page_id=10#primaryimage\",\"url\":\"https:\\\/\\\/melaniemisamer.de\\\/wp-content\\\/uploads\\\/2020\\\/01\\\/JVD06266PS1-scaled.jpg\",\"contentUrl\":\"https:\\\/\\\/melaniemisamer.de\\\/wp-content\\\/uploads\\\/2020\\\/01\\\/JVD06266PS1-scaled.jpg\",\"width\":1707,\"height\":2560},{\"@type\":\"BreadcrumbList\",\"@id\":\"https:\\\/\\\/melaniemisamer.de\\\/?page_id=10#breadcrumb\",\"itemListElement\":[{\"@type\":\"ListItem\",\"position\":1,\"name\":\"Startseite\",\"item\":\"https:\\\/\\\/melaniemisamer.de\\\/\"},{\"@type\":\"ListItem\",\"position\":2,\"name\":\"Vorstellung\"}]},{\"@type\":\"WebSite\",\"@id\":\"https:\\\/\\\/melaniemisamer.de\\\/#website\",\"url\":\"https:\\\/\\\/melaniemisamer.de\\\/\",\"name\":\"Prof. Dr. Melanie Misamer\",\"description\":\"Machtsensibilit\u00e4t - Forschung, Lehre &amp; Vortr\u00e4ge\",\"potentialAction\":[{\"@type\":\"SearchAction\",\"target\":{\"@type\":\"EntryPoint\",\"urlTemplate\":\"https:\\\/\\\/melaniemisamer.de\\\/?s={search_term_string}\"},\"query-input\":{\"@type\":\"PropertyValueSpecification\",\"valueRequired\":true,\"valueName\":\"search_term_string\"}}],\"inLanguage\":\"de\"}]}<\/script>\n<!-- \/ Yoast SEO plugin. -->","yoast_head_json":{"title":"Vorstellung - Prof. Dr. Melanie Misamer","description":"Prof. Dr. Melanie Misamer, Sozialwissenschaftlerin, Machtforschung und -theoriebildung, Machtsensibilit\u00e4t, Vortr\u00e4ge und Workshops","robots":{"index":"index","follow":"follow","max-snippet":"max-snippet:-1","max-image-preview":"max-image-preview:large","max-video-preview":"max-video-preview:-1"},"canonical":"https:\/\/melaniemisamer.de\/?page_id=10","og_locale":"de_DE","og_type":"article","og_title":"Vorstellung - Prof. Dr. Melanie Misamer","og_description":"Prof. Dr. Melanie Misamer, Sozialwissenschaftlerin, Machtforschung und -theoriebildung, Machtsensibilit\u00e4t, Vortr\u00e4ge und Workshops","og_url":"https:\/\/melaniemisamer.de\/?page_id=10","og_site_name":"Prof. Dr. Melanie Misamer","article_modified_time":"2025-07-04T14:54:49+00:00","og_image":[{"width":1707,"height":2560,"url":"https:\/\/melaniemisamer.de\/wp-content\/uploads\/2020\/01\/JVD06266PS1-scaled.jpg","type":"image\/jpeg"}],"twitter_card":"summary_large_image","twitter_misc":{"Gesch\u00e4tzte Lesezeit":"2\u00a0Minuten"},"schema":{"@context":"https:\/\/schema.org","@graph":[{"@type":"WebPage","@id":"https:\/\/melaniemisamer.de\/?page_id=10","url":"https:\/\/melaniemisamer.de\/?page_id=10","name":"Vorstellung - Prof. Dr. Melanie Misamer","isPartOf":{"@id":"https:\/\/melaniemisamer.de\/#website"},"primaryImageOfPage":{"@id":"https:\/\/melaniemisamer.de\/?page_id=10#primaryimage"},"image":{"@id":"https:\/\/melaniemisamer.de\/?page_id=10#primaryimage"},"thumbnailUrl":"http:\/\/melaniemisamer.de\/wp-content\/uploads\/2020\/01\/JVD06266PS1-200x300.jpg","datePublished":"2017-11-18T14:10:50+00:00","dateModified":"2025-07-04T14:54:49+00:00","description":"Prof. Dr. Melanie Misamer, Sozialwissenschaftlerin, Machtforschung und -theoriebildung, Machtsensibilit\u00e4t, Vortr\u00e4ge und Workshops","breadcrumb":{"@id":"https:\/\/melaniemisamer.de\/?page_id=10#breadcrumb"},"inLanguage":"de","potentialAction":[{"@type":"ReadAction","target":["https:\/\/melaniemisamer.de\/?page_id=10"]}]},{"@type":"ImageObject","inLanguage":"de","@id":"https:\/\/melaniemisamer.de\/?page_id=10#primaryimage","url":"https:\/\/melaniemisamer.de\/wp-content\/uploads\/2020\/01\/JVD06266PS1-scaled.jpg","contentUrl":"https:\/\/melaniemisamer.de\/wp-content\/uploads\/2020\/01\/JVD06266PS1-scaled.jpg","width":1707,"height":2560},{"@type":"BreadcrumbList","@id":"https:\/\/melaniemisamer.de\/?page_id=10#breadcrumb","itemListElement":[{"@type":"ListItem","position":1,"name":"Startseite","item":"https:\/\/melaniemisamer.de\/"},{"@type":"ListItem","position":2,"name":"Vorstellung"}]},{"@type":"WebSite","@id":"https:\/\/melaniemisamer.de\/#website","url":"https:\/\/melaniemisamer.de\/","name":"Prof. Dr. Melanie Misamer","description":"Machtsensibilit\u00e4t - Forschung, Lehre &amp; Vortr\u00e4ge","potentialAction":[{"@type":"SearchAction","target":{"@type":"EntryPoint","urlTemplate":"https:\/\/melaniemisamer.de\/?s={search_term_string}"},"query-input":{"@type":"PropertyValueSpecification","valueRequired":true,"valueName":"search_term_string"}}],"inLanguage":"de"}]}},"_links":{"self":[{"href":"https:\/\/melaniemisamer.de\/index.php?rest_route=\/wp\/v2\/pages\/10","targetHints":{"allow":["GET"]}}],"collection":[{"href":"https:\/\/melaniemisamer.de\/index.php?rest_route=\/wp\/v2\/pages"}],"about":[{"href":"https:\/\/melaniemisamer.de\/index.php?rest_route=\/wp\/v2\/types\/page"}],"author":[{"embeddable":true,"href":"https:\/\/melaniemisamer.de\/index.php?rest_route=\/wp\/v2\/users\/1"}],"replies":[{"embeddable":true,"href":"https:\/\/melaniemisamer.de\/index.php?rest_route=%2Fwp%2Fv2%2Fcomments&post=10"}],"version-history":[{"count":147,"href":"https:\/\/melaniemisamer.de\/index.php?rest_route=\/wp\/v2\/pages\/10\/revisions"}],"predecessor-version":[{"id":1608,"href":"https:\/\/melaniemisamer.de\/index.php?rest_route=\/wp\/v2\/pages\/10\/revisions\/1608"}],"wp:attachment":[{"href":"https:\/\/melaniemisamer.de\/index.php?rest_route=%2Fwp%2Fv2%2Fmedia&parent=10"}],"curies":[{"name":"wp","href":"https:\/\/api.w.org\/{rel}","templated":true}]}}